{"id":3469,"date":"2019-12-05T09:12:16","date_gmt":"2019-12-05T08:12:16","guid":{"rendered":"http:\/\/www.lasercutting.it\/?page_id=3469"},"modified":"2020-10-16T18:54:16","modified_gmt":"2020-10-16T16:54:16","slug":"privacy","status":"publish","type":"page","link":"https:\/\/lasercutting.it\/en\/privacy\/","title":{"rendered":"Privacy"},"content":{"rendered":"<style type=\"text\/css\">html body .kc-css-817005{margin-right: 5px;margin-left: 5px;}html body .kc-css-400312{margin-right: 15px;margin-left: 5px;}html body .kc-css-400312 .kc-col-container{padding-right: 10px;}<\/style>\n<section class=\"kc-elm kc-css-817005 kc_row\">\n<div class=\"kc-row-container  kc-container\">\n<div class=\"kc-wrap-columns\">\n<div class=\"kc-elm kc-css-400312 kc_column kc_col-sm-12\">\n<div class=\"kc-col-container\">\n<div class=\"kc-elm kc-css-335395 kc_text_block\">\n<h1>Privacy Policy<\/h1>\n<\/div>\n<div class=\"kc-elm kc-css-313319 kc_text_block\">\n<h3 style=\"text-align: left;\"><strong>GENERAL DATA PROTECTION REGULATION \u2013 REGOLAMENTO GENERALE SULLA PROTEZIONE DEI DATI<\/strong><\/h3>\n<p style=\"text-align: left;\">In questa pagina si descrivono le modalit\u00e0 di gestione del sito in riferimento al trattamento dei dati personali degli utenti che lo consultano. Si tratta di un\u2019informativa che \u00e8 resa anche ai sensi degli articoli 7,8,9 del Dlgs. 196\/2003 a coloro che interagiscono con i servizi web di Lasercutting accessibili per via telematica a partire dall\u2019indirizzo: https:\/\/lasercutting.it\/ corrispondente alla pagina iniziale del sito Lasercutting.<\/p>\n<p style=\"text-align: left;\">L\u2019informativa \u00e8 resa solo per il sito in oggetto e non anche per altri siti web eventualmente consultati dall\u2019utente tramite link. L\u2019informativa si ispira anche alla Raccomandazione n. 2\/2001 che le autorit\u00e0 europee per la protezione dei dati personali, riunite nel Gruppo istituito dall\u2019art 29 della direttiva n. 95\/46\/CE, hanno adottato il 17 maggio 2001 per individuare alcuni requisiti minimi per la raccolta di dati personali on-line, e, in particolare, le modalit\u00e0, i tempi e la natura delle informazioni che i titolari del trattamento devono fornire agli utenti quando questi si collegano a pagine web, indipendentemente dagli scopi del collegamento.<\/p>\n<p><strong>IL \u201cTITOLARE DEL TRATTAMENTO\u201d<\/strong><\/p>\n<p><span style=\"font-style: inherit;\">A seguito della consultazione di questo sito possono essere trattati dati relativi a persone identificate o identificabili. Il \u201ctitolare\u201d del loro trattamento \u00e8 Antonio Canfora, dietro incarico di Lasercutting.it<\/span><\/p>\n<p style=\"text-align: left;\"><strong>LUOGO DI TRATTAMENTO DEI DATI<\/strong><span style=\"font-style: inherit;\">\u00a0<\/span><\/p>\n<p style=\"text-align: left;\"><span style=\"font-style: inherit;\">I trattamenti connessi ai servizi web di questo sito hanno luogo presso Shellrent che ospita all\u2019interno dei suoi datacenter questo sito. Se volete maggiori informazioni in merito alla sicurezza dei vostri dati all\u2019interno di Shellrent potete consultare questa pagina: https:\/\/www.shellrent.com\/datacenter-e-struttura-tecnica\/ i vostri dati non vengono esportati o dati a terzi.<\/span><\/p>\n<p style=\"text-align: left;\">Utilizzando il &#8220;Form di Contatto&#8221; per informazioni o richiesta di preventivo si autorizza a salvare il proprio Nome, Cognome, numero di cellulare ed Indirizzo email per attivit\u00e0 di email-marketing tramite lo strumento Mail-Chimp che potrebbe avere dei server in Europa o al di fuori dei territori UE. Al termine di ogni messaggio di email marketing sar\u00e0 sempre possibile cliccare sul link per cancellare definitivamente le proprie informazioni.<\/p>\n<p style=\"text-align: left;\"><strong>TIPI DI DATI TRATTATI: DATI DI NAVIGAZIONE<\/strong><\/p>\n<p style=\"text-align: left;\"><span style=\"font-style: inherit;\">I sistemi informatici e le procedure software preposte al funzionamento di questo sito web acquisiscono, nel corso del loro normale esercizio, alcuni dati personali la cui trasmissione \u00e8 implicita nell\u2019uso dei protocolli di comunicazione di Internet. Si tratta di informazioni che non sono raccolte per essere associate a interessati identificati, ma che per loro stessa natura potrebbero, attraverso elaborazioni ed associazioni con dati detenuti da terzi, permettere di identificare gli utenti. In questa categoria di dati rientrano gli indirizzi IP o i nomi a dominio dei computer utilizzati dagli utenti che si connettono al sito, gli indirizzi in notazione URI (Uniform Resource Identifier) delle risorse richieste, l\u2019orario della richiesta, il metodo utilizzato nel sottoporre la richiesta al server, la dimensione del file ottenuto in risposta, il codice numerico indicante lo stato della risposta data dal server (buon fine, errore, ecc.) ed altri parametri relativi al sistema operativo e all\u2019ambiente informatico dell\u2019utente. Questi dati vengono utilizzati al solo fine di ricavare informazioni statistiche anonime sull\u2019uso del sito e per controllarne il corretto funzionamento e vengono cancellati immediatamente dopo l\u2019elaborazione. I dati potrebbero essere utilizzati per l\u2019accertamento di responsabilit\u00e0 in caso di ipotetici reati informatici ai danni del sito: salva questa eventualit\u00e0, allo stato i dati sui contatti web non persistono per pi\u00f9 di sette giorni.<\/span><\/p>\n<p><strong>DATI FORNITI VOLONTARIAMENTE DALL\u2019UTENTE<\/strong><\/p>\n<p><span style=\"font-style: inherit;\">L\u2019invio facoltativo, esplicito e volontario di posta elettronica agli indirizzi indicati su questo sito o la registrazione per ricevere servizi, comporta la successiva acquisizione dell\u2019indirizzo del mittente, o dei suoi dati personali, necessari per poter fornire il servizio.<\/span><\/p>\n<p><strong>COOKIES<\/strong><\/p>\n<p><span style=\"font-style: inherit;\">Nessun dato personale degli utenti viene in proposito acquisito dal sito. Non viene fatto uso di cookies per la trasmissione di informazioni di carattere personale, n\u00e9 vengono utilizzati c.d. cookies persistenti di alcun tipo, ovvero sistemi per il tracciamento degli utenti. L\u2019uso di c.d. cookies di sessione (che non vengono memorizzati in modo persistente sul computer dell\u2019utente e svaniscono con la chiusura del browser) \u00e8 strettamente limitato alla trasmissione di identificativi di sessione (costituiti da numeri casuali generati dal server) necessari per consentire l\u2019esplorazione sicura ed efficiente del sito. I c.d. cookies di sessione utilizzati in questo sito evitano il ricorso ad altre tecniche informatiche potenzialmente pregiudizievoli per la riservatezza della navigazione degli utenti e non consentono l\u2019acquisizione di dati personali identificativi dell\u2019utente.<\/span><\/p>\n<p><strong>FACOLTATIVIT\u00c0 DEL CONFERIMENTO DEI DATI<\/strong><\/p>\n<p style=\"text-align: left;\">A parte quanto specificato per i dati di navigazione, l\u2019utente \u00e8 libero di fornire i dati personali riportati nei moduli di richiesta informazioni, e ordini on line per il raggiungimento dello scopo specifico (ottenimento di informazioni su prodotti e servizi offerti da Lasercutting.it: ordini on line di servizi erogati da Lasercutting.it). Il loro mancato conferimento pu\u00f2 comportare l\u2019impossibilit\u00e0 di ottenere quanto richiesto.<\/p>\n<p style=\"text-align: left;\"><strong>MODALIT\u00c0 DEL TRATTAMENTO<\/strong><\/p>\n<p style=\"text-align: left;\">I dati personali sono trattati con strumenti automatizzati per il tempo strettamente necessario a conseguire gli scopi per cui sono stati raccolti. Specifiche misure di sicurezza sono osservate per prevenire la perdita dei dati, usi illeciti o non corretti ed accessi non autorizzati.<\/p>\n<p style=\"text-align: left;\"><strong>P3P<\/strong><\/p>\n<p style=\"text-align: left;\">La presente informativa sulla privacy \u00e8 consultabile in forma automatica dai pi\u00f9 recenti browser che implementano lo standard P3P (\u201cPlatform for Privacy Preferences Project\u201d) proposto dal World Wide Web Consortium(www.w3c.org). Ogni sforzo verr\u00e0 fatto per rendere il pi\u00f9 possibile interoperabili le funzionalit\u00e0 di questo sito con i meccanismi di controllo automatico della privacy disponibili in alcuni prodotti utilizzati dagli utenti. Considerando che lo stato di perfezionamento dei meccanismi automatici di controllo non li rende attualmente esenti da errori e disfunzioni, si precisa che il presente documento, pubblicato all\u2019indirizzo https:\/\/lasercutting.it\/privacy\/, costituisce la \u201cPrivacy Policy\u201d di questo sito che sar\u00e0 soggetta ad aggiornamenti (restano le varie versioni consultabili al medesimo indirizzo).<\/p>\n<p style=\"text-align: left;\"><strong>INFORMATIVA ESTESA SULL\u2019 UTILIZZO DEI COOKIE<\/strong><br \/>Per rendere il nostro sito pi\u00f9 facile ed intuitivo facciamo uso dei cookie. I cookie sono costituiti da porzioni di codice installate all\u2019interno del browser che assistono il titolare nell\u2019erogazione del servizio in base alle finalit\u00e0 descritte. Alcune delle finalit\u00e0 di installazione dei Cookie potrebbero, inoltre, necessitare del consenso dell\u2019Utente.<\/p>\n<p style=\"text-align: left;\">Per ulteriori informazioni generali sui cookie, Visita AboutCookies.org.<\/p>\n<p style=\"text-align: left;\">Se l\u2019utente sceglie di proseguire la navigazione del sito, ignorando il banner, acconsente all\u2019uso dei cookie. Sar\u00e0 quindi possibile inviare un cookie \u201ctecnico\u201d all\u2019utente per salvare la sua preferenza ed evitare che il banner con l\u2019informativa breve continui ad apparire durante il proseguo della navigazione e anche nelle eventuali successive visite.<\/p>\n<p style=\"text-align: left;\">Cookie utilizzati da questo sito e loro finalit\u00e0<\/p>\n<p style=\"text-align: left;\"><strong>COOKIE TECNICI<\/strong><br \/>L\u2019utilizzo dei cookie tecnici non richiede il preventivo consenso dell\u2019Utente ai sensi dell\u2019art. 122 comma 1 del D.Lgs. 196\/2003. Questi cookie possono abilitare alcune funzioni, senza le quali non sarebbe possibile utilizzare appieno il sito web e vengono trasferiti sul dispositivo dell\u2019utente solo durante la sessione di utilizzo del browser. I cookie tecnici possono essere eliminati attraverso le impostazioni del browser. Questi cookie possono essere disattivati e\/o eliminati attraverso le impostazioni del browser.<\/p>\n<h2 style=\"text-align: left;\">COOKIE DI TERZE PARTI<\/h2>\n<p style=\"text-align: left;\"><strong>Google Analytics<\/strong><br \/>Il presente sito web utilizza il sistema di monitoraggio dei dati di navigazione Google Analytics, un servizio di analisi del traffico web fornito da Google Inc., tramite il quale vengono trasmessi cookie di terze parti, raccolti e gestiti in forma aggregata per monitorare e migliorare le prestazioni del sito web. I dati generati da Google Analytics sono conservati da Google come indicato nell\u2019informativa reperibile al seguente link: https:\/\/support.google.com\/analytics\/answer\/6004245?hl=it<\/p>\n<p style=\"text-align: left;\">L\u2019utente pu\u00f2 disabilitare in modo selettivo l\u2019azione di Google Analytics installando sul proprio browser la componente di opt-out fornito da Google. Per disabilitare l\u2019azione di Google Analytics, si rinvia al link di seguito indicato:https:\/\/tools.google.com\/dlpage\/gaoptout<\/p>\n<p style=\"text-align: left;\"><strong>Facebook<\/strong><br \/>Questo sito utilizza cookie di terze parti generato dal collegamento del sito a Facebook. Per ulteriori informazioni sui cookie installati da Facebook informativa: https:\/\/www.facebook.com\/help\/cookies\/. Per rimuovere dal tuo browser i cookie installati da facebook vai alla seguente area: Facebook (configurazione): accedere al proprio account. Sezione privacy.<\/p>\n<p style=\"text-align: left;\"><strong>Google Font<\/strong><br \/>Google Fonts \u00e8 un servizio che permette di caricare dei caratteri (font) per migliorare l\u2019aspetto del sito attraverso l\u2019uso dei fogli di stile. Il servizio \u00e8 gestito da Google Inc. L\u2019uso delle Google Font non prevede autenticazione. Google dice di non collezionare dati degli utenti che utilizzano Google Font, ma solo dati dei siti che utilizzano questo servizio. La privacy policy di riferimento che Google offre \u00e8 sempre la medesima:\u00a0https:\/\/policies.google.com\/privacy<\/p>\n<p style=\"text-align: left;\"><strong>Gestione dei cookie nei browser<\/strong><br \/>Ciascun browser presenta procedure diverse per la gestione delle impostazioni dei cookie e dei dati dei siti web. Maggiori informazioni sono disponibili ai link riportati di seguito:<\/p>\n<p style=\"text-align: left;\">Chrome: https:\/\/support.google.com\/chrome\/answer\/95647?hl=it<br \/>Firefox: https:\/\/support.mozilla.org\/it\/kb\/Gestione dei cookie<br \/>Internet Explorer: https:\/\/windows.microsoft.com\/it-it\/internet-explorer\/delete-manage-cookies<br \/>Opera: https:\/\/help.opera.com\/Windows\/10.00\/it\/cookies.html<br \/>Safari: https:\/\/support.apple.com\/kb\/HT1677?viewlocale=it_IT<\/p>\n<p style=\"text-align: left;\"><strong>TITOLARE DEL TRATTAMENTO DEI DATI<\/strong><br \/>Titolare del trattamento: Antonio Canfora, per conto di Lasercutting.it<\/p>\n<h2 style=\"text-align: left;\">Diritti dell\u2019interessato.<\/h2>\n<p style=\"text-align: left;\">Ai sensi dell\u2019art. 7 Codice Privacy, in qualsiasi momento l\u2019interessato ha diritto di ottenere la conferma dell\u2019esistenza o meno dei dati che lo riguardano e di conoscerne il contenuto e l\u2019origine, di verificarne l\u2019esattezza o chiederne l\u2019integrazione o l\u2019aggiornamento, oppure la rettificazione. Ha altres\u00ec il diritto di chiedere la cancellazione, la trasformazione in forma anonima o il blocco dei dati trattati in violazione di legge, nonch\u00e9 di opporsi per motivi legittimi al trattamento dei dati che la riguardano.<br \/>Le relative richieste vanno rivolte a Lasercutting.it \u2013 Via Volpiano 35 \u2013 10040 Lombardore (TO) &#8211; Italia o all\u2019indirizzo email: <a href=\"mailto:sales@lasercutting.it?&#038;subject=PRIVACY&#038;body=Chiedo la cancellazione del seguente indirizzo email per finalit\u00e0 di marketing.\">sales@lasercutting.it<\/a>. Daremo risposta alla vostra mail con la rettifica o la conferma di avvenuta cancellazione dei vostri dati.<\/p>\n<\/div>\n<\/div>\n<\/div>\n<\/div>\n<\/div>\n<\/section>\n<section class=\"kc-elm kc-css-886157 kc_row\">\n<div class=\"kc-row-container  kc-container\">\n<div class=\"kc-wrap-columns\">\n<div class=\"kc-elm kc-css-214856 kc_column kc_col-sm-12\">\n<div class=\"kc-col-container\">\n<div class=\"kc-elm kc-css-50484 kc_text_block\">\n<h1>Cookies Policy<\/h1>\n<\/div>\n<div class=\"kc-elm kc-css-960227 kc_text_block\">\n<p>This site uses cookies &#8211; small text files that are placed on your machine to help the site provide a better user experience. In general, cookies are used to retain user preferences, store information for things like shopping carts, and provide anonymised tracking data to third party applications like Google Analytics. As a rule, cookies will make your browsing experience better. However, you may prefer to disable cookies on this site and on others. The most effective way to do this is to disable cookies in your browser. We suggest consulting the Help section of your browser or taking a look at <a href=\"http:\/\/www.aboutcookies.org\" target=\"_blank\" rel=\"noopener\">the About Cookies website<\/a> which offers guidance for all modern browsers<\/p>\n<\/div>\n<\/div>\n<\/div>\n<\/div>\n<\/div>\n<\/section>\n","protected":false},"excerpt":{"rendered":"<p>Privacy Policy GENERAL DATA PROTECTION REGULATION \u2013 REGOLAMENTO GENERALE SULLA PROTEZIONE DEI DATI In questa pagina si descrivono le modalit\u00e0 di gestione del sito in riferimento al trattamento dei dati personali degli utenti che lo consultano. Si tratta di un\u2019informativa che \u00e8 resa anche ai sensi degli articoli 7,8,9 del Dlgs. 196\/2003 a coloro che [&hellip;]<\/p>\n","protected":false},"author":2,"featured_media":0,"parent":0,"menu_order":0,"comment_status":"closed","ping_status":"closed","template":"tpl-king-composer.php","meta":{"_acf_changed":false,"footnotes":""},"class_list":["post-3469","page","type-page","status-publish","hentry"],"acf":[],"_links":{"self":[{"href":"https:\/\/lasercutting.it\/en\/wp-json\/wp\/v2\/pages\/3469","targetHints":{"allow":["GET"]}}],"collection":[{"href":"https:\/\/lasercutting.it\/en\/wp-json\/wp\/v2\/pages"}],"about":[{"href":"https:\/\/lasercutting.it\/en\/wp-json\/wp\/v2\/types\/page"}],"author":[{"embeddable":true,"href":"https:\/\/lasercutting.it\/en\/wp-json\/wp\/v2\/users\/2"}],"replies":[{"embeddable":true,"href":"https:\/\/lasercutting.it\/en\/wp-json\/wp\/v2\/comments?post=3469"}],"version-history":[{"count":0,"href":"https:\/\/lasercutting.it\/en\/wp-json\/wp\/v2\/pages\/3469\/revisions"}],"wp:attachment":[{"href":"https:\/\/lasercutting.it\/en\/wp-json\/wp\/v2\/media?parent=3469"}],"curies":[{"name":"wp","href":"https:\/\/api.w.org\/{rel}","templated":true}]}}