{"id":8730,"date":"2025-05-22T10:42:07","date_gmt":"2025-05-22T08:42:07","guid":{"rendered":"https:\/\/posizionamento-seo.com\/lasercutting\/?page_id=8730"},"modified":"2025-06-18T11:58:18","modified_gmt":"2025-06-18T09:58:18","slug":"informativa-cookie","status":"publish","type":"page","link":"https:\/\/lasercutting.it\/en\/informativa-cookie\/","title":{"rendered":"Informativa Cookie"},"content":{"rendered":"\n<p>lasercutting.it o il &#8220;<strong>Sito<\/strong>&#8221; utilizza i Cookie per rendere i propri servizi semplici e efficienti per l&#8217;utenza che visiona le pagine di lasercutting.it.<br>Gli utenti che visionano il Sito, vedranno inserite delle <strong>quantit\u00e0 minime di informazioni<\/strong> nei dispositivi in uso, che siano computer e periferiche mobili, in piccoli file di testo denominati &#8220;cookie&#8221; salvati nelle directory utilizzate dal browser web dell&#8217;Utente.<br>Vi sono <strong>vari tipi di cookie<\/strong>, alcuni per rendere pi\u00f9 efficace l&#8217;uso del Sito, altri per abilitare determinate funzionalit\u00e0.<br>Analizzandoli in maniera particolareggiata i nostri cookie permettono di:<\/p>\n\n\n\n<ul class=\"wp-block-list\">\n<li>memorizzare le preferenze inserite<\/li>\n\n\n\n<li>evitare di reinserire le stesse informazioni pi\u00f9 volte durante la visita quali ad esempio nome utente e password<\/li>\n\n\n\n<li>analizzare l&#8217;utilizzo dei servizi e dei contenuti forniti da lasercutting.it per ottimizzarne l&#8217;esperienza di navigazione e i servizi offerti<\/li>\n<\/ul>\n\n\n\n<h2 class=\"wp-block-heading\">Tipologie di Cookie utilizzati da lasercutting.it<\/h2>\n\n\n\n<p>A seguire i vari tipi di cookie utilizzati da lasercutting.it in funzione delle finalit\u00e0 d&#8217;uso<\/p>\n\n\n\n<h3 class=\"wp-block-heading\">Cookie Tecnici<\/h3>\n\n\n\n<p>Questa tipologia di cookie permette il <strong>corretto funzionamento di alcune sezioni del Sito<\/strong>. Sono di due categorie: persistenti e di sessione:<\/p>\n\n\n\n<ul class=\"wp-block-list\">\n<li><strong>persistenti<\/strong>: una volta chiuso il browser non vengono distrutti ma rimangono fino ad una data di scadenza preimpostata<\/li>\n\n\n\n<li><strong>di sessioni<\/strong>: vengono distrutti ogni volta che il browser viene chiuso<\/li>\n<\/ul>\n\n\n\n<p>Questi cookie, inviati sempre dal nostro dominio, <strong>sono necessari a&nbsp;visualizzare correttamente il sito<\/strong> e&nbsp;in relazione ai servizi tecnici offerti, verranno quindi <strong>sempre utilizzati e inviati<\/strong>, a meno che l&#8217;utenza non modifichi le impostazioni nel proprio browser (inficiando cos\u00ec la visualizzazione delle pagine del sito).<\/p>\n\n\n\n<h3 class=\"wp-block-heading\">Cookie analitici<\/h3>\n\n\n\n<p>I cookie in questa categoria vengono utilizzati per <strong>collezionare informazioni sull&#8217;uso del sito<\/strong> lasercutting.it user\u00e0 queste informazioni in merito ad <strong>analisi statistiche anonime<\/strong> al fine di migliorare l&#8217;utilizzo del\u00a0Sito\u00a0e per rendere i\u00a0contenuti pi\u00f9 interessanti e attinenti ai desideri dell&#8217;utenza. Questa tipologia di cookie raccoglie dati in <strong>forma anonima<\/strong> sull&#8217;attivit\u00e0 dell&#8217;utenza e su come \u00e8 arrivata sul Sito. I cookie analitici sono inviati dal Sito Stesso o da domini di terze parti.<\/p>\n\n\n\n<h3 class=\"wp-block-heading\">Cookie di analisi di servizi di terze parti<\/h3>\n\n\n\n<p>Questi cookie sono utilizzati al fine di raccogliere informazioni sull&#8217;<strong>uso del Sito<\/strong> da parte degli utenti in <strong>forma anonima<\/strong> quali: pagine visitate, tempo di permanenza, origini del traffico di provenienza, provenienza geografica, et\u00e0, genere e interessi ai fini di campagne di marketing. Questi cookie sono inviati da domini di terze parti esterni al Sito.<\/p>\n\n\n\n<h3 class=\"wp-block-heading\">Cookie per integrare prodotti e funzioni di software&nbsp;di terze parti<\/h3>\n\n\n\n<p>Questa tipologia di cookie <strong>integra funzionalit\u00e0 sviluppate da terzi<\/strong> all&#8217;interno delle pagine del Sito come le icone e le preferenze espresse nei social network al fine di condivisione dei contenuti del sito o per l&#8217;uso di servizi software di terze parti (come i software per generare le mappe e ulteriori software che offrono servizi aggiuntivi). Questi cookie sono inviati da <strong>domini di terze parti<\/strong> e da <strong>siti partner<\/strong> che offrono le loro funzionalit\u00e0 tra le pagine del Sito.<\/p>\n\n\n\n<h3 class=\"wp-block-heading\">Cookie di profilazione<\/h3>\n\n\n\n<p>Sono quei cookie necessari a creare profili utenti al fine di inviare messaggi pubblicitari in linea con le preferenze manifestate dall&#8217;utente all&#8217;interno delle pagine del Sito.<\/p>\n\n\n\n<hr class=\"wp-block-separator has-alpha-channel-opacity\"\/>\n\n\n\n<p>lasercutting.it, secondo la normativa vigente, non \u00e8 tenuto a chiedere consenso per i <strong>cookie tecnici<\/strong> e di <strong>analytics<\/strong>, in quanto necessari a fornire i servizi richiesti.<\/p>\n\n\n\n<p>Per tutte le altre tipologie di cookie il consenso pu\u00f2 essere espresso dall&#8217;Utente con una o pi\u00f9 di una delle seguenti modalit\u00e0:<\/p>\n\n\n\n<ul class=\"wp-block-list\">\n<li><strong>Mediante specifiche configurazioni del browser<\/strong> utilizzato o dei relativi programmi informatici utilizzati per navigare le pagine che compongono il Sito.<\/li>\n\n\n\n<li><strong>Mediante modifica delle impostazioni<\/strong> nell&#8217;uso dei servizi di terze parti<\/li>\n<\/ul>\n\n\n\n<p>Entrambe queste soluzioni potrebbero impedire all&#8217;utente di utilizzare o visualizzare parti del Sito.<\/p>\n\n\n\n<p><strong>Siti Web e servizi di terze parti<\/strong><\/p>\n\n\n\n<p>Il Sito potrebbe contenere collegamenti ad altri siti Web che dispongono di una propria informativa sulla privacy che pu\u00f2 essere diverse da quella adottata da lasercutting.it e che che quindi <strong>non risponde<\/strong> di questi siti.<\/p>\n\n\n\n<hr class=\"wp-block-separator has-alpha-channel-opacity\"\/>\n\n\n\n<h2 class=\"wp-block-heading\">Cookie utilizzati da lasercutting.it<\/h2>\n\n\n\n<div id=\"cookieTable\">\n<table>\n<thead>\n<tr>\n<td>Tipo di Cookie<\/td>\n<td>Descrizione dell&#8217;uso<\/td>\n<td>Dati Raccolti<\/td>\n<td>Policy Link e Luogo del trattamento<\/td>\n<\/tr>\n<\/thead>\n<tbody>\n<tr>\n<td>Pulsante <strong>Mi Piace<\/strong> e servizi terzi di <strong>Facebook, Inc.<\/strong><\/td>\n<td>Il pulsante &#8220;Mi Piace&#8221; e i servizi di Facebook sono necessari all&#8217;interazione con il social network Facebook e vengono forniti da Facebook, Inc.<\/td>\n<td>Cookie e dati di utilizzo<\/td>\n<td>USA &#8211; <a href=\"http:\/\/www.facebook.com\/privacy\/explanation.php\" target=\"_blank\" rel=\"nofollow noopener\">Privacy Policy<\/a> &#8211; <a href=\"https:\/\/www.facebook.com\/help\/cookies?ref_type=sitefooter\" target=\"_blank\" rel=\"nofollow noopener\">Maggiori informazioni<\/a><\/td>\n<\/tr>\n<tr>\n<td>Pulsante <strong>Tweet<\/strong> e servizi terzi di <strong>Twitter, Inc.<\/strong><\/td>\n<td>Il pulsante &#8220;Tweet&#8221; e i servizi correlati sono necessari all&#8217;interazione con il social network Twitter e vengono forniti da Twitter, Inc.<\/td>\n<td>Cookie e dati di utilizzo<\/td>\n<td>USA &#8211; <a href=\"http:\/\/twitter.com\/privacy\" target=\"_blank\" rel=\"nofollow noopener\">Privacy Policy<\/a> &#8211; <a href=\"https:\/\/support.twitter.com\/articles\/20170519-uso-dei-cookie-e-di-altre-tecnologie-simili-da-parte-di-twitter#\" target=\"_blank\" rel=\"nofollow noopener\">Maggiori informazioni<\/a><\/td>\n<\/tr>\n<tr>\n<td>Pulsante <strong>Google+<\/strong> e servizi terzi di <strong>Google Inc.<\/strong><\/td>\n<td>Il pulsante &#8220;+1&#8221; e i servizi correlati a Google+ sono necessari all&#8217;interazione con il social network Google Plus e vengono forniti da Google, Inc.<\/td>\n<td>Cookie e dati di utilizzo<\/td>\n<td>USA &#8211; <a href=\"http:\/\/www.google.com\/intl\/it\/policies\/privacy\/\" target=\"_blank\" rel=\"nofollow noopener\">Privacy Policy<\/a> &#8211; <a href=\"https:\/\/www.google.com\/settings\/u\/0\/ads?hl=it&amp;sig=ACi0TCiGVtQo3-M6KWk-W9FLb2ibvVcinVf7QTocMi5pUGsx67qs34yjO2h6N2SfsAAN4bWW9lfY8Zj7PH8epB-TcvIHMSktGnGK9X2FszgcREeCvlRtHrzTtukXpeZgZUx-LeGXWH8JBDW-N24XPdYuAd6ezwnQxl4OFxY_ROB7YMnFRBrDJ2w\" target=\"_blank\" rel=\"nofollow noopener\">Opt in<\/a><\/td>\n<\/tr>\n<tr>\n<td><strong>Youtube<\/strong> e servizi terzi di <strong>Google Inc.<\/strong><\/td>\n<td>Youtube \u00e8 un social network dedicato alla visualizzazione di contenuti video ed \u00e8 gestito da Google Inc. con la possibilit\u00e0 di integrare i contenuti all&#8217;interno delle proprie pagine<\/td>\n<td>Cookie e dati di utilizzo<\/td>\n<td>USA &#8211; <a href=\"http:\/\/www.google.it\/intl\/it\/policies\/privacy\/\" target=\"_blank\" rel=\"nofollow noopener\">Privacy Policy<\/a> &#8211; <a href=\"https:\/\/www.google.com\/settings\/u\/0\/ads?hl=it&amp;sig=ACi0TCiGVtQo3-M6KWk-W9FLb2ibvVcinVf7QTocMi5pUGsx67qs34yjO2h6N2SfsAAN4bWW9lfY8Zj7PH8epB-TcvIHMSktGnGK9X2FszgcREeCvlRtHrzTtukXpeZgZUx-LeGXWH8JBDW-N24XPdYuAd6ezwnQxl4OFxY_ROB7YMnFRBrDJ2w\" target=\"_blank\" rel=\"nofollow noopener\">Opt in<\/a><\/td>\n<\/tr>\n<tr>\n<td><strong>Vimeo<\/strong> di <strong>Vimeo, LLC<\/strong><\/td>\n<td>Vimeo \u00e8 un social network dedicato alla visualizzazione di contenuti video ed \u00e8 gestito da Vimeo, LLC con la possibilit\u00e0 di integrare i contenuti all&#8217;interno delle proprie pagine<\/td>\n<td>Cookie e dati di utilizzo<\/td>\n<td>USA &#8211; <a href=\"http:\/\/vimeo.com\/privacy\" target=\"_blank\" rel=\"nofollow noopener\">Privacy Policy<\/a><\/td>\n<\/tr>\n<tr>\n<td>Analisi degli accessi di <strong>Google Analytics<\/strong> e servizi terzi di <strong>Google Inc.<\/strong><\/td>\n<td>Gli accessi e le interazioni dell&#8217;utenza su questo sito sono analizzati mediante il servizio di Google Analytics gestito da Google, Inc.<\/td>\n<td>Cookie e dati di utilizzo<\/td>\n<td>USA &#8211; <a href=\"http:\/\/www.google.com\/intl\/it\/policies\/privacy\/\" target=\"_blank\" rel=\"nofollow noopener\">Privacy Policy<\/a> &#8211; <a href=\"https:\/\/www.google.com\/settings\/u\/0\/ads?hl=it&amp;sig=ACi0TCiGVtQo3-M6KWk-W9FLb2ibvVcinVf7QTocMi5pUGsx67qs34yjO2h6N2SfsAAN4bWW9lfY8Zj7PH8epB-TcvIHMSktGnGK9X2FszgcREeCvlRtHrzTtukXpeZgZUx-LeGXWH8JBDW-N24XPdYuAd6ezwnQxl4OFxY_ROB7YMnFRBrDJ2w\" target=\"_blank\" rel=\"nofollow noopener\">Opt in<\/a><\/td>\n<\/tr>\n<tr>\n<td><strong>Google Adwords<\/strong> servizio di <strong>Google Inc.<\/strong><\/td>\n<td>Google Adwords \u00e8 il servizio pubblicitario di Google Inc.<\/td>\n<td>Cookie e dati di utilizzo<\/td>\n<td>USA &#8211; <a href=\"http:\/\/www.google.it\/intl\/en\/policies\/privacy\/\" target=\"_blank\" rel=\"nofollow noopener\">Privacy Policy<\/a> &#8211; <a href=\"https:\/\/www.google.com\/settings\/u\/0\/ads?hl=it&amp;sig=ACi0TCiGVtQo3-M6KWk-W9FLb2ibvVcinVf7QTocMi5pUGsx67qs34yjO2h6N2SfsAAN4bWW9lfY8Zj7PH8epB-TcvIHMSktGnGK9X2FszgcREeCvlRtHrzTtukXpeZgZUx-LeGXWH8JBDW-N24XPdYuAd6ezwnQxl4OFxY_ROB7YMnFRBrDJ2w\" target=\"_blank\" rel=\"nofollow noopener\">Opt in<\/a><\/td>\n<\/tr>\n<tr>\n<td><strong>Google Fonts<\/strong> servizio di <strong>Google Inc.<\/strong><\/td>\n<td>Google Fonts \u00e8 un servizio che permette di inglobare e visualizzare stili di carattere personalizzati ed \u00e8 gestito da da Google Inc.<\/td>\n<td>Cookie e dati di utilizzo<\/td>\n<td>USA &#8211; <a href=\"http:\/\/www.google.it\/intl\/en\/policies\/privacy\/\" target=\"_blank\" rel=\"nofollow noopener\">Privacy Policy<\/a> &#8211; <a href=\"https:\/\/www.google.com\/settings\/u\/0\/ads?hl=it&amp;sig=ACi0TCiGVtQo3-M6KWk-W9FLb2ibvVcinVf7QTocMi5pUGsx67qs34yjO2h6N2SfsAAN4bWW9lfY8Zj7PH8epB-TcvIHMSktGnGK9X2FszgcREeCvlRtHrzTtukXpeZgZUx-LeGXWH8JBDW-N24XPdYuAd6ezwnQxl4OFxY_ROB7YMnFRBrDJ2w\" target=\"_blank\" rel=\"nofollow noopener\">Opt in<\/a><\/td>\n<\/tr>\n<\/tbody>\n<\/table>\n<\/div>\n\n\n\n<hr class=\"wp-block-separator has-alpha-channel-opacity\"\/>\n\n\n\n<ol class=\"wp-block-list\">\n<li>Eseguire&nbsp;il Browser Chrome<\/li>\n\n\n\n<li>Fare click sul men\u00f9&nbsp;presente nella barra degli strumenti del browser a fianco della finestra di inserimento url per la navigazione<\/li>\n\n\n\n<li>Selezionare <strong>Impostazioni<\/strong><\/li>\n\n\n\n<li>Fare clic su <strong>Mostra Impostazioni Avanzate<\/strong><\/li>\n\n\n\n<li>Nella sezione &#8220;Privacy&#8221; fare clic su bottone &#8220;<strong>Impostazioni contenuti<\/strong>&#8220;<\/li>\n\n\n\n<li>Nella sezione &#8220;Cookie&#8221; \u00e8 possibile modificare le seguenti impostazioni relative ai cookie:\n<ul class=\"wp-block-list\">\n<li>Consentire il salvataggio dei dati in locale<\/li>\n\n\n\n<li>Modificare i dati locali solo fino alla chiusura del browser<\/li>\n\n\n\n<li>Impedire ai siti di impostare i cookie<\/li>\n\n\n\n<li>Bloccare i cookie di terze parti e i dati dei siti<\/li>\n\n\n\n<li>Gestire le eccezioni per alcuni siti internet<\/li>\n\n\n\n<li>Eliminazione di uno o tutti i cookie<\/li>\n<\/ul>\n<\/li>\n<\/ol>\n\n\n\n<p>Per maggiori informazioni visita la <a href=\"https:\/\/support.google.com\/accounts\/answer\/61416?hl=en\" target=\"_blank\" rel=\"nofollow noopener\">pagina dedicata<\/a>.<\/p>\n\n\n\n<ol class=\"wp-block-list\">\n<li>Eseguire&nbsp;il Browser&nbsp;Mozilla Firefox<\/li>\n\n\n\n<li>Fare click sul men\u00f9&nbsp;presente nella barra degli strumenti del browser a fianco della finestra di inserimento url per la navigazione<\/li>\n\n\n\n<li>Selezionare <strong>Opzioni<\/strong><\/li>\n\n\n\n<li>Seleziona il pannello <strong>Privacy<\/strong><\/li>\n\n\n\n<li>Fare clic su&nbsp;<strong>Mostra Impostazioni Avanzate<\/strong><\/li>\n\n\n\n<li>Nella sezione &#8220;Privacy&#8221; fare clic su bottone &#8220;<strong>Impostazioni contenuti<\/strong>&#8220;<\/li>\n\n\n\n<li>Nella sezione &#8220;<strong>Tracciamento<\/strong>&#8221; \u00e8 possibile modificare le seguenti impostazioni relative ai cookie:\n<ul class=\"wp-block-list\">\n<li>Richiedi ai siti di non effettuare alcun tracciamento<\/li>\n\n\n\n<li>Comunica ai siti la disponibilit\u00e0 ad essere tracciato<\/li>\n\n\n\n<li>Non comunicare alcuna preferenza relativa al tracciamento dei dati personali<\/li>\n<\/ul>\n<\/li>\n\n\n\n<li>Dalla sezione &#8220;<strong>Cronologia<\/strong>&#8221; \u00e8 possibile:\n<ul class=\"wp-block-list\">\n<li>Abilitando &#8220;Utilizza impostazioni personalizzate&#8221; selezionare di accettare i cookie di terze parti (sempre, dai siti pi\u00f9 visitato o mai) e di conservarli per un periodo determinato (fino alla loro scadenza, alla chiusura di Firefox o di chiedere ogni volta)<\/li>\n\n\n\n<li>Rimuovere i singoli cookie immagazzinati<\/li>\n<\/ul>\n<\/li>\n<\/ol>\n\n\n\n<p>Per maggiori informazioni visita la&nbsp;<a href=\"https:\/\/support.mozilla.org\/en-US\/kb\/enable-and-disable-cookies-website-preferences\" target=\"_blank\" rel=\"nofollow noopener\">pagina dedicata<\/a>.<\/p>\n\n\n\n<ol class=\"wp-block-list\">\n<li>Eseguire&nbsp;il Browser&nbsp;Safari<\/li>\n\n\n\n<li>Fare click su <strong>Safari<\/strong>, selezionare <strong>Preferenze<\/strong> e premere su <strong>Privacy<\/strong><\/li>\n\n\n\n<li>Nella sezione <em>Blocca Cookie<\/em> specificare come Safari deve accettare i cookie dai siti internet.<\/li>\n\n\n\n<li>Per visionare quali siti hanno immagazzinato i cookie cliccare su <strong>Dettagli<\/strong><\/li>\n<\/ol>\n\n\n\n<p>Per maggiori informazioni visita la <a href=\"http:\/\/support.apple.com\/kb\/PH17191?viewlocale=it_IT&amp;locale=it_IT\" target=\"_blank\" rel=\"nofollow noopener\">pagina dedicata<\/a>.<\/p>\n\n\n\n<ol class=\"wp-block-list\">\n<li>Eseguire&nbsp;il Browser Safari iOS<\/li>\n\n\n\n<li>Tocca&nbsp;su&nbsp;<strong>Impostazioni<\/strong> e poi <strong>Safari<\/strong><\/li>\n\n\n\n<li>Tocca su <strong>Blocca Cookie<\/strong> e scegli tra le varie opzioni: &#8220;Mai&#8221;, &#8220;Di terze parti e inserzionisti&#8221; o &#8220;Sempre&#8221;<\/li>\n\n\n\n<li>Per cancellare tutti i cookie immagazzinati da Safari, tocca su <strong>Impostazioni<\/strong>, poi su <strong>Safari<\/strong> e infine su <strong>Cancella Cookie e dati<\/strong><\/li>\n<\/ol>\n\n\n\n<p>Per maggiori informazioni visita la <a href=\"http:\/\/support.apple.com\/kb\/HT1677?utm_source=Agillic%20Dialogue\" target=\"_blank\" rel=\"nofollow noopener\">pagina dedicata<\/a>.<\/p>\n\n\n\n<ol class=\"wp-block-list\">\n<li>Eseguire&nbsp;il Browser&nbsp;Opera<\/li>\n\n\n\n<li>Fare click sul&nbsp;Preferenze poi su Avanzate e infine su Cookie<\/li>\n\n\n\n<li>Selezionare una delle seguenti opzioni:\n<ul class=\"wp-block-list\">\n<li>Accetta&nbsp;tutti i cookie<\/li>\n\n\n\n<li>Accetta i cookie solo dal sito che si visita: i cookie di terze parti e che vengono inviati da un dominio diverso da quello che si sta visitando verranno rifiutati<\/li>\n\n\n\n<li>Non accettare mai i cookie: tutti i cookie non verranno mai salvati<\/li>\n<\/ul>\n<\/li>\n<\/ol>\n\n\n\n<p>Per maggiori informazioni visita la <a href=\"http:\/\/help.opera.com\/Windows\/10.00\/it\/cookies.html\" target=\"_blank\" rel=\"nofollow noopener\">pagina dedicata<\/a>.<\/p>\n\n\n\n<p>Questa pagina \u00e8 visibile, mediante link in calce in tutte le pagine del Sito ai sensi dell&#8217;art. 122 secondo comma del D.lgs. 196\/2003 e a seguito delle modalit\u00e0 semplificate per l&#8217;informativa e l&#8217;acquisizione del consenso per l&#8217;uso dei cookie pubblicata sulla Gazzetta Ufficiale n.126 del 3 giugno 2014 e relativo registro dei provvedimenti n.229 dell&#8217;8 maggio 2014.<\/p>\n","protected":false},"excerpt":{"rendered":"<p>lasercutting.it o il &#8220;Sito&#8221; utilizza i Cookie per rendere i propri servizi semplici e efficienti per l&#8217;utenza che visiona le pagine di lasercutting.it.Gli utenti che visionano il Sito, vedranno inserite delle quantit\u00e0 minime di informazioni nei dispositivi in uso, che siano computer e periferiche mobili, in piccoli file di testo denominati &#8220;cookie&#8221; salvati nelle directory [&hellip;]<\/p>\n","protected":false},"author":8,"featured_media":8635,"parent":0,"menu_order":0,"comment_status":"closed","ping_status":"closed","template":"","meta":{"_acf_changed":false,"footnotes":""},"class_list":["post-8730","page","type-page","status-publish","has-post-thumbnail","hentry"],"acf":[],"_links":{"self":[{"href":"https:\/\/lasercutting.it\/en\/wp-json\/wp\/v2\/pages\/8730","targetHints":{"allow":["GET"]}}],"collection":[{"href":"https:\/\/lasercutting.it\/en\/wp-json\/wp\/v2\/pages"}],"about":[{"href":"https:\/\/lasercutting.it\/en\/wp-json\/wp\/v2\/types\/page"}],"author":[{"embeddable":true,"href":"https:\/\/lasercutting.it\/en\/wp-json\/wp\/v2\/users\/8"}],"replies":[{"embeddable":true,"href":"https:\/\/lasercutting.it\/en\/wp-json\/wp\/v2\/comments?post=8730"}],"version-history":[{"count":0,"href":"https:\/\/lasercutting.it\/en\/wp-json\/wp\/v2\/pages\/8730\/revisions"}],"wp:featuredmedia":[{"embeddable":true,"href":"https:\/\/lasercutting.it\/en\/wp-json\/wp\/v2\/media\/8635"}],"wp:attachment":[{"href":"https:\/\/lasercutting.it\/en\/wp-json\/wp\/v2\/media?parent=8730"}],"curies":[{"name":"wp","href":"https:\/\/api.w.org\/{rel}","templated":true}]}}